{"id":1899,"date":"2024-09-04T15:14:51","date_gmt":"2024-09-04T13:14:51","guid":{"rendered":"https:\/\/thepadeljourney.com\/?page_id=1899"},"modified":"2024-10-10T12:30:53","modified_gmt":"2024-10-10T10:30:53","slug":"politica-de-cookies","status":"publish","type":"page","link":"https:\/\/thepadeljourney.com\/es\/politica-de-cookies\/","title":{"rendered":"Pol\u00edtica de cookies"},"content":{"rendered":"<p><u>\u00bfQU\u00c9 SON LAS COOKIES?<\/u><\/p>\n<p>Las Cookies son archivos de datos que se almacenan en su navegador y en su equipo cuando visita cualquier p\u00e1gina web. Las cookies pueden tener diversas utilidades como, por ejemplo, reconocer al usuario, almacenamiento y recuperaci\u00f3n de informaci\u00f3n sobre los h\u00e1bitos de navegaci\u00f3n de un usuario o personalizar la forma en que se muestra el contenido.<\/p>\n<p><u>\u00bfQU\u00c9 INFORMACI\u00d3N ALMACENAN LAS COOKIES?<\/u><\/p>\n<p>Las cookies almacenan informaci\u00f3n de car\u00e1cter t\u00e9cnico, preferencias personales, personalizaci\u00f3n de contenidos. Las cookies normalmente no contienen ninguna informaci\u00f3n personal.<\/p>\n<p>Toda la informaci\u00f3n personal que puedan contener es \u00fanicamente la que el usuario haya introducido en un formulario del sitio.<\/p>\n<p>La mayor parte del tiempo, cuando una cookie contiene informaci\u00f3n personal, \u00e9sta est\u00e1 codificada de forma que es ilegible para cualquier tercera parte que pudiera tener acceso a su archivo de cookies.<\/p>\n<p><u>\u00bfQU\u00c9 TIPO DE COOKIES EXISTEN?<\/u><\/p>\n<p>Seg\u00fan la entidad que gestione el dominio desde donde se env\u00edan las cookies y trate los datos que se obtengan, se distinguen:<\/p>\n<ul>\n<li>Cookies propias: se env\u00edan al equipo terminal del usuario desde un equipo o dominio gestionado por el propio editor y desde el que se presta el servicio solicitado por el usuario.<\/li>\n<li>Cookies de terceros: se env\u00edan al equipo terminal del usuario desde un equipo o dominio que no es gestionado por el editor, sino por otra entidad que trata los datos obtenidos trav\u00e9s de las cookies.<\/li>\n<\/ul>\n<p>Seg\u00fan el plazo de tiempo que permanecen almacenadas en el navegador del usuario, se distinguen:<\/p>\n<ul>\n<li>Cookies de sesi\u00f3n: recaban y almacenan datos mientras el usuario accede a una p\u00e1gina web. Se suelen emplear para almacenar informaci\u00f3n que solo interesa conservar para la prestaci\u00f3n del servicio solicitado por el usuario en una sola ocasi\u00f3n (p.e. una lista de productos adquiridos).<\/li>\n<li>Cookies persistentes: Los datos siguen almacenados en el terminal y pueden ser accedidos y tratados durante un periodo definido por el responsable de la cookie, y que puede ir de unos minutos a varios a\u00f1os.<\/li>\n<\/ul>\n<p>Seg\u00fan la finalidad para la que se traten los datos obtenidos, se distinguen las siguientes cookies:<\/p>\n<p>Cookies t\u00e9cnicas: posibilitan al usuario la navegaci\u00f3n a trav\u00e9s de una p\u00e1gina web, plataforma o aplicaci\u00f3n y la utilizaci\u00f3n de las diferentes opciones o servicios que en ella existan como, por ejemplo, controlar el tr\u00e1fico y la comunicaci\u00f3n de datos, identificar la sesi\u00f3n, acceder a partes de acceso restringido, recordar los elementos que integran un pedido, realizar el proceso de compra de un pedido, realizar la solicitud de inscripci\u00f3n o participaci\u00f3n en un evento, utilizar elementos de seguridad durante la navegaci\u00f3n, almacenar contenidos para la difusi\u00f3n de v\u00eddeos o sonido o compartir contenidos a trav\u00e9s de redes sociales.<\/p>\n<ul>\n<li>Cookies de personalizaci\u00f3n: Permiten al usuario acceder al servicio con algunas caracter\u00edsticas de car\u00e1cter general predefinidas en funci\u00f3n de una serie de criterios en el terminal del usuario como por ejemplo serian el idioma, el tipo de navegador a trav\u00e9s del cual accede al servicio, la configuraci\u00f3n regional desde donde accede al servicio, etc.<\/li>\n<li>Cookies de an\u00e1lisis: Permiten al responsable, el seguimiento y an\u00e1lisis del comportamiento de los usuarios de los sitios web a los que est\u00e1n vinculadas. La informaci\u00f3n recogida mediante este tipo de cookies se utiliza en la medici\u00f3n de la actividad de los sitios web, aplicaci\u00f3n o plataforma y para la elaboraci\u00f3n de perfiles de navegaci\u00f3n de los usuarios de dichos sitios, aplicaciones y plataformas, con el fin de introducir mejoras en funci\u00f3n del an\u00e1lisis de los datos de uso que hacen los usuarios del servicio.<\/li>\n<li>Cookies publicitarias: Permiten la gesti\u00f3n, de la forma m\u00e1s eficaz posible, de los espacios publicitarios.<\/li>\n<li>Cookies de publicidad comportamental: Almacenan informaci\u00f3n del comportamiento de los usuarios obtenida a trav\u00e9s de la observaci\u00f3n continuada de sus h\u00e1bitos de navegaci\u00f3n, lo que permite desarrollar un perfil espec\u00edfico para mostrar publicidad en funci\u00f3n del mismo.<\/li>\n<li>Cookies de redes sociales externas: Se utilizan para que los visitantes puedan interactuar con el contenido de diferentes plataformas sociales (facebook, youtube, twitter, linkedIn, etc..) y que se generen \u00fanicamente para los usuarios de dichas redes sociales. Las condiciones de utilizaci\u00f3n de estas cookies y la informaci\u00f3n recopilada se regulan por la pol\u00edtica de privacidad de la plataforma social correspondiente.<\/li>\n<\/ul>\n<p><strong>\u00a0<\/strong><\/p>\n<p><u>QU\u00c9 COOKIES SE UTILIZAN EN LA P\u00c1GINA WEB<\/u><\/p>\n<p><u>LEGITIMACI\u00d3N Y PLAZOS DE CONSERVACI\u00d3N DE LAS COOKIES QUE SE INSTALAN EN SU NAVEGADOR<\/u><\/p>\n<p>Al entrar en la p\u00e1gina web, se activar\u00e1 un aviso de cookies que permitir\u00e1 al usuario aceptar la instalaci\u00f3n de todas las cookies empleadas por el sitio web o bien, no autorizar la utilizaci\u00f3n de cookies, pudiendo acceder al apartado de Configuraci\u00f3n de Preferencias de Cookies, para desactivarlas todas o seleccionar y autorizar la instalaci\u00f3n de aquellas cookies que resulten de su inter\u00e9s.<\/p>\n<p>No obstante, se le informa de que, al utilizar el sitio web, el usuario acepta expresamente y en todo caso, la instalaci\u00f3n de cookies de car\u00e1cter t\u00e9cnico y necesario para el correcto funcionamiento del Sitio Web.<\/p>\n<p>Se informa al usuario de que la informaci\u00f3n obtenida por la utilizaci\u00f3n de cookies se conservar\u00e1 durante los plazos de persistencia de las mismas.<\/p>\n<p><u>DESACTIVACI\u00d3N Y ELIMINACI\u00d3N DE COOKIES<\/u><\/p>\n<p>El usuario puede permitir, bloquear o eliminar las cookies instaladas en su equipo mediante la configuraci\u00f3n de las opciones del navegador. Al desactivar cookies, algunos de los servicios disponibles podr\u00edan dejar de estar operativos. La forma de deshabilitar las cookies es diferente para cada navegador.<\/p>\n<p>Navegador Chrome:<\/p>\n<p><a href=\"https:\/\/support.google.com\/accounts\/answer\/61416?hl=es\" target=\"_blank\" rel=\"noopener\">https:\/\/support.google.com\/accounts\/answer\/61416?hl=es<\/a><\/p>\n<p>Navegador Internet Explorer:<\/p>\n<p><a href=\"https:\/\/support.microsoft.com\/es-es\/windows\/eliminar-y-administrar-cookies-168dab11-0753-043d-7c16-ede5947fc64d\" target=\"_blank\" rel=\"noopener\">https:\/\/support.microsoft.com\/es-es\/windows\/eliminar-y-administrar-cookies-168dab11-0753-043d-7c16-ede5947fc64d<\/a><\/p>\n<p>Navegador Mozilla Firefox:<\/p>\n<p><a href=\"https:\/\/support.mozilla.org\/es\/kb\/impedir-que-los-sitios-web-guarden-sus-preferencia\" target=\"_blank\" rel=\"noopener\">https:\/\/support.mozilla.org\/es\/kb\/impedir-que-los-sitios-web-guarden-sus-preferencia<\/a><\/p>\n<p>Navegador Safari para OSX:<\/p>\n<p><a href=\"http:\/\/safari.helpmax.net\/es\/privacidad-y-seguridad\/como-gestionar-las-cookies\/\" target=\"_blank\" rel=\"noopener\">http:\/\/safari.helpmax.net\/es\/privacidad-y-seguridad\/como-gestionar-las-cookies\/<\/a><\/p>\n<p>Navegador Opera:<\/p>\n<p><a href=\"https:\/\/help.opera.com\/en\/latest\/web-preferences\/#cookies\" target=\"_blank\" rel=\"noopener\">https:\/\/help.opera.com\/en\/latest\/web-preferences\/#cookies<\/a><\/p>\n<p>&nbsp;<\/p>\n<p>&nbsp;<\/p>\n","protected":false},"excerpt":{"rendered":"<p>\u00bfQU\u00c9 SON LAS COOKIES? Las Cookies son archivos de datos que se almacenan en su navegador y en su equipo cuando visita cualquier p\u00e1gina web. Las cookies pueden tener diversas utilidades como, por ejemplo, reconocer al usuario, almacenamiento y recuperaci\u00f3n de informaci\u00f3n sobre los h\u00e1bitos de navegaci\u00f3n de un usuario o personalizar la forma en [&hellip;]<\/p>\n","protected":false},"author":4,"featured_media":0,"parent":0,"menu_order":0,"comment_status":"closed","ping_status":"closed","template":"","meta":{"_et_pb_use_builder":"","_et_pb_old_content":"","_et_gb_content_width":"","inline_featured_image":false,"footnotes":""},"tags":[],"class_list":["post-1899","page","type-page","status-publish","hentry"],"_links":{"self":[{"href":"https:\/\/thepadeljourney.com\/es\/wp-json\/wp\/v2\/pages\/1899","targetHints":{"allow":["GET"]}}],"collection":[{"href":"https:\/\/thepadeljourney.com\/es\/wp-json\/wp\/v2\/pages"}],"about":[{"href":"https:\/\/thepadeljourney.com\/es\/wp-json\/wp\/v2\/types\/page"}],"author":[{"embeddable":true,"href":"https:\/\/thepadeljourney.com\/es\/wp-json\/wp\/v2\/users\/4"}],"replies":[{"embeddable":true,"href":"https:\/\/thepadeljourney.com\/es\/wp-json\/wp\/v2\/comments?post=1899"}],"version-history":[{"count":0,"href":"https:\/\/thepadeljourney.com\/es\/wp-json\/wp\/v2\/pages\/1899\/revisions"}],"wp:attachment":[{"href":"https:\/\/thepadeljourney.com\/es\/wp-json\/wp\/v2\/media?parent=1899"}],"wp:term":[{"taxonomy":"post_tag","embeddable":true,"href":"https:\/\/thepadeljourney.com\/es\/wp-json\/wp\/v2\/tags?post=1899"}],"curies":[{"name":"wp","href":"https:\/\/api.w.org\/{rel}","templated":true}]}}