{"id":1894,"date":"2024-09-04T14:17:46","date_gmt":"2024-09-04T12:17:46","guid":{"rendered":"https:\/\/thepadeljourney.com\/?page_id=1894"},"modified":"2025-06-17T14:22:18","modified_gmt":"2025-06-17T12:22:18","slug":"politica-de-privacidad","status":"publish","type":"page","link":"https:\/\/thepadeljourney.com\/es\/politica-de-privacidad\/","title":{"rendered":"Pol\u00edtica de privacidad"},"content":{"rendered":"<p>[et_pb_section fb_built=\u00bb1&#8243; _builder_version=\u00bb4.16&#8243; global_colors_info=\u00bb{}\u00bb][et_pb_row _builder_version=\u00bb4.16&#8243; background_size=\u00bbinitial\u00bb background_position=\u00bbtop_left\u00bb background_repeat=\u00bbrepeat\u00bb global_colors_info=\u00bb{}\u00bb][et_pb_column type=\u00bb4_4&#8243; _builder_version=\u00bb4.16&#8243; custom_padding=\u00bb|||\u00bb global_colors_info=\u00bb{}\u00bb custom_padding__hover=\u00bb|||\u00bb][et_pb_text _builder_version=\u00bb4.27.4&#8243; background_size=\u00bbinitial\u00bb background_position=\u00bbtop_left\u00bb background_repeat=\u00bbrepeat\u00bb hover_enabled=\u00bb0&#8243; global_colors_info=\u00bb{}\u00bb admin_label=\u00bbTexto\u00bb sticky_enabled=\u00bb0&#8243;]<\/p>\n<p>En cumplimiento de lo dispuesto en el Reglamento General de Protecci\u00f3n de Datos 2016\/679 (RGPD) y la Ley Org\u00e1nica 3\/2018 de Protecci\u00f3n de Datos y Garant\u00eda de los Derechos Digitales (LOPDGDD) de 5 diciembre de 2018, informamos:<\/p>\n<ol>\n<li><strong>RESPONSABLE DEL TRATAMIENTO <\/strong><\/li>\n<\/ol>\n<p><strong>Identidad:<\/strong> Hoda Drissi Talbi\u00a0 con NIF 60041536J en adelante \u201cel Titular\u201d<\/p>\n<p><strong>Email de contacto:<\/strong> <a href=\"mailto:houdadrissi@hotmail.com\">infoi@thepadeljourney.com<\/a><\/p>\n<ol start=\"2\">\n<li><strong>FINALIDAD DEL TRATAMIENTO DE LOS DATOS.<\/strong><\/li>\n<\/ol>\n<p>Le informamos que los datos que nos facilite se tratar\u00e1n con la finalidad:<\/p>\n<ul>\n<li>Gestionar los servicios proporcionados a trav\u00e9s del presente Portal Internet.<\/li>\n<li>Mantenerles informados sobre las actividades, productos y servicios de Madrid Padel.<\/li>\n<li>Desarrollo, cumplimiento y ejecuci\u00f3n del contrato de compraventa o prestaci\u00f3n de servicios y consultas relacionadas con el pedido del servicio solicitado a trav\u00e9s de la WEB<\/li>\n<li>Atenci\u00f3n al cliente<\/li>\n<\/ul>\n<p>Asimismo, de conformidad con lo previsto en el RGPD se mantiene un registro de actividades de tratamiento que especifica, seg\u00fan sus finalidades, las actividades de tratamiento llevadas a cabo y las dem\u00e1s circunstancias establecidas en el RGPD.<\/p>\n<p>La informaci\u00f3n personal no podr\u00e1 ser utilizada para otros fines que los relacionados con los servicios contratados o productos adquiridos. No se tomar\u00e1n decisiones automatizadas en base a dicho perfil.<\/p>\n<ol start=\"3\">\n<li><strong>LEGITIMACI\u00d3N PARA EL TRATAMIENTO DE DATOS<\/strong><\/li>\n<\/ol>\n<p>La legitimaci\u00f3n para el tratamiento de sus datos se basa en:<\/p>\n<ul>\n<li>El consentimiento otorgado por el Usuario mediante la aceptaci\u00f3n de la presente Pol\u00edtica y la casilla correspondiente.<\/li>\n<li>Inter\u00e9s leg\u00edtimo para atender las solicitudes o consultas que se planteen a trav\u00e9s de los distintos medios de contacto.<\/li>\n<li>El Usuario ha aportado sus datos personales en el marco de una relaci\u00f3n contractual o precontractual para la atenci\u00f3n de su solicitud y\/o consulta y por tanto su tratamiento es necesario para el mantenimiento de dicha relaci\u00f3n.<\/li>\n<li>Las obligaciones legales aplicables Titular que requieren del tratamiento de los datos personales de acuerdo con los servicios prestados o aquellas relacionadas con cuestiones tributarias.<\/li>\n<\/ul>\n<p>El Usuario podr\u00e1, en cualquier momento revocar su consentimiento para el tratamiento de sus datos personales. En ning\u00fan caso la retirada de estos consentimientos condiciona la prestaci\u00f3n del servicio, y\/o la ejecuci\u00f3n de contratos con Titular.<\/p>\n<ol start=\"4\">\n<li><strong>DATOS PERSONALES QUE SE TRATAN Y PROCEDENCIA<\/strong><\/li>\n<\/ol>\n<p>Los datos personales que tratamos son de car\u00e1cter identificativo y han sido facilitados por el propio Usuario mediante, la cumplimentaci\u00f3n del formulario de contacto, el env\u00edo de correos electr\u00f3nicos o uso de las funcionalidades ofrecidas en el sitio web.<\/p>\n<p>El uso de los apartados de contacto, cumplimentaci\u00f3n de formularios y\/o funcionalidades ofrecidas en el Portal es voluntario. No obstante, la cumplimentaci\u00f3n de determinados campos del formulario o su facilitaci\u00f3n mediante el uso de otras funcionalidades resultan necesarios para atender y gestionar correctamente su solicitud, por lo que la negativa del Usuario a facilitar la informaci\u00f3n requerida impedir\u00e1 a Titular atenderla y gestionarla correctamente.<\/p>\n<p>El Usuario garantiza que los datos que nos facilita son veraces, exactos y completos. Se cancelar\u00e1n, borrar\u00e1n o bloquear\u00e1n los datos cuando resulten inexactos, incompletos o hayan dejado de ser necesarios o pertinentes para su finalidad conforme a la legislaci\u00f3n vigente. Si los datos personales aportados son de un tercero, el Usuario garantiza que le ha informado de la Pol\u00edtica de Privacidad y ha obtenido su autorizaci\u00f3n para facilitar sus datos con las finalidades antes se\u00f1aladas. Igualmente garantiza que los datos aportados son exactos y actualizados, siendo responsable de cualquier da\u00f1o o perjuicio, directo o indirecto, que pudiera ocasionarse como consecuencia del incumplimiento de tal obligaci\u00f3n. El Usuario se compromete y responsabiliza de la veracidad y correcci\u00f3n de los datos que nos facilita, comprometi\u00e9ndose a mantenerlos debidamente actualizados.<\/p>\n<ol start=\"5\">\n<li><strong>PROTECCI\u00d3N DE DATOS DE MENORES<\/strong><\/li>\n<\/ol>\n<p>Seg\u00fan lo establecido en el RGPD y en la LOPDGDD s\u00f3lo los mayores de 14 a\u00f1os podr\u00e1n otorgar su consentimiento para el tratamiento de sus datos personales de forma l\u00edcita. S\u00f3lo podr\u00e1n aportar datos personales en este sitio web las personas mayores de 14 a\u00f1os. En caso de menores de 14 a\u00f1os, ser\u00e1 condici\u00f3n obligatoria el consentimiento de sus padres o tutores para poder tratar sus datos personales.<\/p>\n<ol start=\"6\">\n<li><strong>PLAZOS DE CONSERVACI\u00d3N DE LOS DATOS PERSONALES.<\/strong><\/li>\n<\/ol>\n<p>Los datos personales proporcionados por el Usuario se conservar\u00e1n mientras permanezca dado de alta en el servicio, mientras se mantenga la relaci\u00f3n negocial, mientras el Usuario no solicite su supresi\u00f3n, o durante el plazo legal establecido. As\u00ed mismo podr\u00e1n conservarse cuando sean necesarios para el cumplimiento de una obligaci\u00f3n legal o para la formulaci\u00f3n, el ejercicio y la defensa de reclamaciones.<\/p>\n<p>Si el Usuario retira su consentimiento o ejercita los derechos de oposici\u00f3n o supresi\u00f3n, sus datos se conservar\u00e1n bloqueados a disposici\u00f3n de la Administraci\u00f3n de Justicia durante los plazos establecidos legalmente para atender a las posibles responsabilidades nacidas del tratamiento de los datos personales. En ning\u00fan caso condicionar\u00e1 la prestaci\u00f3n del servicio, y\/o la ejecuci\u00f3n de contratos con el Titular.<\/p>\n<ol start=\"7\">\n<li><strong>SECRETO Y SEGURIDAD DE LOS DATOS PERSONALES<\/strong><\/li>\n<\/ol>\n<p>Titular se compromete a adoptar las medidas t\u00e9cnicas y organizativas necesarias, seg\u00fan el nivel de seguridad adecuado al riesgo de los datos recogidos, de forma que se garantice la seguridad de los datos de car\u00e1cter personal y se evite la destrucci\u00f3n, p\u00e9rdida o alteraci\u00f3n accidental o il\u00edcita de datos personales transmitidos, conservados o tratados de otra forma, o la comunicaci\u00f3n o acceso no autorizados a dichos datos.<\/p>\n<p>Los datos personales ser\u00e1n tratados como confidenciales por el Titular, quien se compromete a informar y a garantizar por medio de una obligaci\u00f3n legal o contractual que dicha confidencialidad sea respetada por sus empleados, asociados, y toda persona a la cual le haga accesible la informaci\u00f3n.<\/p>\n<ol start=\"8\">\n<li><strong>CESIONES Y DESTINATARIOS DE LOS DATOS PERSONALES.<\/strong><\/li>\n<\/ol>\n<p>Sus datos personales ser\u00e1n comunicados en los casos legalmente previstos, por ejemplo, a Administraciones P\u00fablicas para el cumplimiento de obligaciones directamente exigibles al Titular o cuando resulte necesario para cumplir con las finalidades del tratamiento indicadas anteriormente o para prestar servicios estrictamente necesarios para el desarrollo de la actividad.<\/p>\n<ol start=\"9\">\n<li><strong>DERECHOS DE LOS USUARIOS.<\/strong><\/li>\n<\/ol>\n<p>\u00bfCu\u00e1les son sus derechos cuando nos facilita sus datos?<\/p>\n<p>El Usuario tiene derecho a obtener confirmaci\u00f3n sobre si estamos tratando datos personales que les conciernan, o no. El Usuario tiene derecho a <strong>acceder<\/strong> a sus datos personales, as\u00ed como a solicitar la <strong>rectificaci\u00f3n<\/strong> de los datos inexactos o, en su caso, solicitar su <strong>supresi\u00f3n<\/strong> cuando, entre otros motivos, los datos ya no sean necesarios para los fines que fueron recogidos. En determinadas circunstancias, el Usuario podr\u00e1 solicitar la <strong>limitaci\u00f3n<\/strong> del tratamiento de sus datos, en cuyo caso \u00fanicamente los conservaremos para el ejercicio o la defensa de reclamaciones. En determinadas circunstancias y por motivos relacionados con su situaci\u00f3n particular, el Usuario podr\u00e1 <strong>oponerse<\/strong> al tratamiento de sus datos, por lo que el responsable del tratamiento dejar\u00e1 de tratar los datos, salvo por motivos leg\u00edtimos imperiosos, o el ejercicio o la defensa de posibles reclamaciones. En aquellos supuestos en los que legalmente proceda, tendr\u00e1 el derecho a la <strong>portabilidad<\/strong> de los datos, lo que implica que tiene derecho a recibir los datos personales relativos a su persona que estemos tratando y almacenarlos en un dispositivo propio.<\/p>\n<p>Puede ejercitar ante el Titular en caso de que resulten de aplicaci\u00f3n, los derechos de acceso, rectificaci\u00f3n, oposici\u00f3n, supresi\u00f3n, limitaci\u00f3n del tratamiento, portabilidad y a oponerse a ser objeto de decisiones individuales automatizadas mediante comunicaci\u00f3n escrita acompa\u00f1ada de fotocopia del D.N.I. para acreditar su identidad, con la referencia \u201cDerechos RGPD\u201d dirigida a la direcci\u00f3n de correo electr\u00f3nico: <a href=\"mailto:houdadrissi@hotmail.com\">info@thepadeljourney.com<\/a><\/p>\n<p>Igualmente, le informamos que puede dirigir cualquier tipo de reclamaci\u00f3n en materia de protecci\u00f3n de datos personales a la Agencia Espa\u00f1ola de Protecci\u00f3n de Datos <a href=\"http:\/\/www.agpd.es\" target=\"_blank\" rel=\"noopener\">www.agpd.es<\/a>, Autoridad de Control de Espa\u00f1a.<\/p>\n<p>[\/et_pb_text][\/et_pb_column][\/et_pb_row][\/et_pb_section]<\/p>\n","protected":false},"excerpt":{"rendered":"<p>En cumplimiento de lo dispuesto en el Reglamento General de Protecci\u00f3n de Datos 2016\/679 (RGPD) y la Ley Org\u00e1nica 3\/2018 de Protecci\u00f3n de Datos y Garant\u00eda de los Derechos Digitales (LOPDGDD) de 5 diciembre de 2018, informamos: RESPONSABLE DEL TRATAMIENTO Identidad: Hoda Drissi Talbi\u00a0 con NIF 60041536J en adelante \u201cel Titular\u201d Email de contacto: infoi@thepadeljourney.com [&hellip;]<\/p>\n","protected":false},"author":4,"featured_media":0,"parent":0,"menu_order":0,"comment_status":"closed","ping_status":"closed","template":"","meta":{"_et_pb_use_builder":"on","_et_pb_old_content":"<p>En cumplimiento de lo dispuesto en el Reglamento General de Protecci\u00f3n de Datos 2016\/679 (RGPD) y la Ley Org\u00e1nica 3\/2018 de Protecci\u00f3n de Datos y Garant\u00eda de los Derechos Digitales (LOPDGDD) de 5 diciembre de 2018, informamos:<\/p><ol><li><strong>RESPONSABLE DEL TRATAMIENTO <\/strong><\/li><\/ol><p><strong>Identidad:<\/strong> Hoda Drissi Talbi Lamnaouar con NIF 60041536J en adelante \u201cel Titular\u201d<\/p><p><strong>Email de contacto:<\/strong> <a href=\"mailto:houdadrissi@hotmail.com\">houdadrissi@hotmail.com<\/a><\/p><ol start=\"2\"><li><strong>FINALIDAD DEL TRATAMIENTO DE LOS DATOS.<\/strong><\/li><\/ol><p>Le informamos que los datos que nos facilite se tratar\u00e1n con la finalidad:<\/p><ul><li>Gestionar los servicios proporcionados a trav\u00e9s del presente Portal Internet.<\/li><li>Mantenerles informados sobre las actividades, productos y servicios de Madrid Padel.<\/li><li>Desarrollo, cumplimiento y ejecuci\u00f3n del contrato de compraventa o prestaci\u00f3n de servicios y consultas relacionadas con el pedido del servicio solicitado a trav\u00e9s de la WEB<\/li><li>Atenci\u00f3n al cliente<\/li><\/ul><p>Asimismo, de conformidad con lo previsto en el RGPD se mantiene un registro de actividades de tratamiento que especifica, seg\u00fan sus finalidades, las actividades de tratamiento llevadas a cabo y las dem\u00e1s circunstancias establecidas en el RGPD.<\/p><p>La informaci\u00f3n personal no podr\u00e1 ser utilizada para otros fines que los relacionados con los servicios contratados o productos adquiridos. No se tomar\u00e1n decisiones automatizadas en base a dicho perfil.<\/p><ol start=\"3\"><li><strong>LEGITIMACI\u00d3N PARA EL TRATAMIENTO DE DATOS<\/strong><\/li><\/ol><p>La legitimaci\u00f3n para el tratamiento de sus datos se basa en:<\/p><ul><li>El consentimiento otorgado por el Usuario mediante la aceptaci\u00f3n de la presente Pol\u00edtica y la casilla correspondiente.<\/li><li>Inter\u00e9s leg\u00edtimo para atender las solicitudes o consultas que se planteen a trav\u00e9s de los distintos medios de contacto.<\/li><li>El Usuario ha aportado sus datos personales en el marco de una relaci\u00f3n contractual o precontractual para la atenci\u00f3n de su solicitud y\/o consulta y por tanto su tratamiento es necesario para el mantenimiento de dicha relaci\u00f3n.<\/li><li>Las obligaciones legales aplicables Titular que requieren del tratamiento de los datos personales de acuerdo con los servicios prestados o aquellas relacionadas con cuestiones tributarias.<\/li><\/ul><p>El Usuario podr\u00e1, en cualquier momento revocar su consentimiento para el tratamiento de sus datos personales. En ning\u00fan caso la retirada de estos consentimientos condiciona la prestaci\u00f3n del servicio, y\/o la ejecuci\u00f3n de contratos con Titular.<\/p><ol start=\"4\"><li><strong>DATOS PERSONALES QUE SE TRATAN Y PROCEDENCIA<\/strong><\/li><\/ol><p>Los datos personales que tratamos son de car\u00e1cter identificativo y han sido facilitados por el propio Usuario mediante, la cumplimentaci\u00f3n del formulario de contacto, el env\u00edo de correos electr\u00f3nicos o uso de las funcionalidades ofrecidas en el sitio web.<\/p><p>El uso de los apartados de contacto, cumplimentaci\u00f3n de formularios y\/o funcionalidades ofrecidas en el Portal es voluntario. No obstante, la cumplimentaci\u00f3n de determinados campos del formulario o su facilitaci\u00f3n mediante el uso de otras funcionalidades resultan necesarios para atender y gestionar correctamente su solicitud, por lo que la negativa del Usuario a facilitar la informaci\u00f3n requerida impedir\u00e1 a Titular atenderla y gestionarla correctamente.<\/p><p>El Usuario garantiza que los datos que nos facilita son veraces, exactos y completos. Se cancelar\u00e1n, borrar\u00e1n o bloquear\u00e1n los datos cuando resulten inexactos, incompletos o hayan dejado de ser necesarios o pertinentes para su finalidad conforme a la legislaci\u00f3n vigente. Si los datos personales aportados son de un tercero, el Usuario garantiza que le ha informado de la Pol\u00edtica de Privacidad y ha obtenido su autorizaci\u00f3n para facilitar sus datos con las finalidades antes se\u00f1aladas. Igualmente garantiza que los datos aportados son exactos y actualizados, siendo responsable de cualquier da\u00f1o o perjuicio, directo o indirecto, que pudiera ocasionarse como consecuencia del incumplimiento de tal obligaci\u00f3n. El Usuario se compromete y responsabiliza de la veracidad y correcci\u00f3n de los datos que nos facilita, comprometi\u00e9ndose a mantenerlos debidamente actualizados.<\/p><ol start=\"5\"><li><strong>PROTECCI\u00d3N DE DATOS DE MENORES<\/strong><\/li><\/ol><p>Seg\u00fan lo establecido en el RGPD y en la LOPDGDD s\u00f3lo los mayores de 14 a\u00f1os podr\u00e1n otorgar su consentimiento para el tratamiento de sus datos personales de forma l\u00edcita. S\u00f3lo podr\u00e1n aportar datos personales en este sitio web las personas mayores de 14 a\u00f1os. En caso de menores de 14 a\u00f1os, ser\u00e1 condici\u00f3n obligatoria el consentimiento de sus padres o tutores para poder tratar sus datos personales.<\/p><ol start=\"6\"><li><strong>PLAZOS DE CONSERVACI\u00d3N DE LOS DATOS PERSONALES.<\/strong><\/li><\/ol><p>Los datos personales proporcionados por el Usuario se conservar\u00e1n mientras permanezca dado de alta en el servicio, mientras se mantenga la relaci\u00f3n negocial, mientras el Usuario no solicite su supresi\u00f3n, o durante el plazo legal establecido. As\u00ed mismo podr\u00e1n conservarse cuando sean necesarios para el cumplimiento de una obligaci\u00f3n legal o para la formulaci\u00f3n, el ejercicio y la defensa de reclamaciones.<\/p><p>Si el Usuario retira su consentimiento o ejercita los derechos de oposici\u00f3n o supresi\u00f3n, sus datos se conservar\u00e1n bloqueados a disposici\u00f3n de la Administraci\u00f3n de Justicia durante los plazos establecidos legalmente para atender a las posibles responsabilidades nacidas del tratamiento de los datos personales. En ning\u00fan caso condicionar\u00e1 la prestaci\u00f3n del servicio, y\/o la ejecuci\u00f3n de contratos con el Titular.<\/p><ol start=\"7\"><li><strong>SECRETO Y SEGURIDAD DE LOS DATOS PERSONALES<\/strong><\/li><\/ol><p>Titular se compromete a adoptar las medidas t\u00e9cnicas y organizativas necesarias, seg\u00fan el nivel de seguridad adecuado al riesgo de los datos recogidos, de forma que se garantice la seguridad de los datos de car\u00e1cter personal y se evite la destrucci\u00f3n, p\u00e9rdida o alteraci\u00f3n accidental o il\u00edcita de datos personales transmitidos, conservados o tratados de otra forma, o la comunicaci\u00f3n o acceso no autorizados a dichos datos.<\/p><p>Los datos personales ser\u00e1n tratados como confidenciales por el Titular, quien se compromete a informar y a garantizar por medio de una obligaci\u00f3n legal o contractual que dicha confidencialidad sea respetada por sus empleados, asociados, y toda persona a la cual le haga accesible la informaci\u00f3n.<\/p><ol start=\"8\"><li><strong>CESIONES Y DESTINATARIOS DE LOS DATOS PERSONALES.<\/strong><\/li><\/ol><p>Sus datos personales ser\u00e1n comunicados en los casos legalmente previstos, por ejemplo, a Administraciones P\u00fablicas para el cumplimiento de obligaciones directamente exigibles al Titular o cuando resulte necesario para cumplir con las finalidades del tratamiento indicadas anteriormente o para prestar servicios estrictamente necesarios para el desarrollo de la actividad.<\/p><ol start=\"9\"><li><strong>DERECHOS DE LOS USUARIOS.<\/strong><\/li><\/ol><p>\u00bfCu\u00e1les son sus derechos cuando nos facilita sus datos?<\/p><p>El Usuario tiene derecho a obtener confirmaci\u00f3n sobre si estamos tratando datos personales que les conciernan, o no. El Usuario tiene derecho a <strong>acceder<\/strong> a sus datos personales, as\u00ed como a solicitar la <strong>rectificaci\u00f3n<\/strong> de los datos inexactos o, en su caso, solicitar su <strong>supresi\u00f3n<\/strong> cuando, entre otros motivos, los datos ya no sean necesarios para los fines que fueron recogidos. En determinadas circunstancias, el Usuario podr\u00e1 solicitar la <strong>limitaci\u00f3n<\/strong> del tratamiento de sus datos, en cuyo caso \u00fanicamente los conservaremos para el ejercicio o la defensa de reclamaciones. En determinadas circunstancias y por motivos relacionados con su situaci\u00f3n particular, el Usuario podr\u00e1 <strong>oponerse<\/strong> al tratamiento de sus datos, por lo que el responsable del tratamiento dejar\u00e1 de tratar los datos, salvo por motivos leg\u00edtimos imperiosos, o el ejercicio o la defensa de posibles reclamaciones. En aquellos supuestos en los que legalmente proceda, tendr\u00e1 el derecho a la <strong>portabilidad<\/strong> de los datos, lo que implica que tiene derecho a recibir los datos personales relativos a su persona que estemos tratando y almacenarlos en un dispositivo propio.<\/p><p>Puede ejercitar ante el Titular en caso de que resulten de aplicaci\u00f3n, los derechos de acceso, rectificaci\u00f3n, oposici\u00f3n, supresi\u00f3n, limitaci\u00f3n del tratamiento, portabilidad y a oponerse a ser objeto de decisiones individuales automatizadas mediante comunicaci\u00f3n escrita acompa\u00f1ada de fotocopia del D.N.I. para acreditar su identidad, con la referencia \u201cDerechos RGPD\u201d dirigida a la direcci\u00f3n de correo electr\u00f3nico: <a href=\"mailto:houdadrissi@hotmail.com\">houdadrissi@hotmail.com<\/a><\/p><p>Igualmente, le informamos que puede dirigir cualquier tipo de reclamaci\u00f3n en materia de protecci\u00f3n de datos personales a la Agencia Espa\u00f1ola de Protecci\u00f3n de Datos <a href=\"http:\/\/www.agpd.es\">www.agpd.es<\/a>, Autoridad de Control de Espa\u00f1a.<\/p>","_et_gb_content_width":"","inline_featured_image":false,"footnotes":""},"tags":[],"class_list":["post-1894","page","type-page","status-publish","hentry"],"_links":{"self":[{"href":"https:\/\/thepadeljourney.com\/es\/wp-json\/wp\/v2\/pages\/1894","targetHints":{"allow":["GET"]}}],"collection":[{"href":"https:\/\/thepadeljourney.com\/es\/wp-json\/wp\/v2\/pages"}],"about":[{"href":"https:\/\/thepadeljourney.com\/es\/wp-json\/wp\/v2\/types\/page"}],"author":[{"embeddable":true,"href":"https:\/\/thepadeljourney.com\/es\/wp-json\/wp\/v2\/users\/4"}],"replies":[{"embeddable":true,"href":"https:\/\/thepadeljourney.com\/es\/wp-json\/wp\/v2\/comments?post=1894"}],"version-history":[{"count":0,"href":"https:\/\/thepadeljourney.com\/es\/wp-json\/wp\/v2\/pages\/1894\/revisions"}],"wp:attachment":[{"href":"https:\/\/thepadeljourney.com\/es\/wp-json\/wp\/v2\/media?parent=1894"}],"wp:term":[{"taxonomy":"post_tag","embeddable":true,"href":"https:\/\/thepadeljourney.com\/es\/wp-json\/wp\/v2\/tags?post=1894"}],"curies":[{"name":"wp","href":"https:\/\/api.w.org\/{rel}","templated":true}]}}